{"id":3155,"date":"2023-05-31T12:19:53","date_gmt":"2023-05-31T15:19:53","guid":{"rendered":"https:\/\/alambiquessantaefigenia.com.br\/?page_id=3155"},"modified":"2023-05-31T13:07:55","modified_gmt":"2023-05-31T16:07:55","slug":"cursos","status":"publish","type":"page","link":"https:\/\/alambiquessantaefigenia.com.br\/en\/cursos\/","title":{"rendered":"Courses"},"content":{"rendered":"<div data-elementor-type=\"wp-page\" data-elementor-id=\"3155\" class=\"elementor elementor-3155\" data-elementor-post-type=\"page\">\n\t\t\t\t\t\t<section class=\"elementor-section elementor-top-section elementor-element elementor-element-3d37436 elementor-section-full_width elementor-section-height-default elementor-section-height-default\" data-id=\"3d37436\" data-element_type=\"section\">\n\t\t\t\t\t\t<div class=\"elementor-container elementor-column-gap-default\">\n\t\t\t\t\t<div class=\"elementor-column elementor-col-100 elementor-top-column elementor-element elementor-element-efd061a\" data-id=\"efd061a\" data-element_type=\"column\">\n\t\t\t<div class=\"elementor-widget-wrap elementor-element-populated\">\n\t\t\t\t\t\t<div class=\"elementor-element elementor-element-3ab313d elementor-widget elementor-widget-template\" data-id=\"3ab313d\" data-element_type=\"widget\" data-widget_type=\"template.default\">\n\t\t\t\t<div class=\"elementor-widget-container\">\n\t\t\t\t\t<div class=\"elementor-template\">\n\t\t\t\t\t<div data-elementor-type=\"section\" data-elementor-id=\"1388\" class=\"elementor elementor-1388\" data-elementor-post-type=\"elementor_library\">\n\t\t\t\t\t<section class=\"elementor-section elementor-top-section elementor-element elementor-element-855aee9 elementor-section-height-min-height elementor-section-boxed elementor-section-height-default elementor-section-items-middle\" data-id=\"855aee9\" data-element_type=\"section\" data-settings=\"{&quot;background_background&quot;:&quot;classic&quot;}\">\n\t\t\t\t\t\t\t<div class=\"elementor-background-overlay\"><\/div>\n\t\t\t\t\t\t\t<div class=\"elementor-container elementor-column-gap-default\">\n\t\t\t\t\t<div class=\"elementor-column elementor-col-100 elementor-top-column elementor-element elementor-element-5de64c9\" data-id=\"5de64c9\" data-element_type=\"column\">\n\t\t\t<div class=\"elementor-widget-wrap elementor-element-populated\">\n\t\t\t\t\t\t<div class=\"elementor-element elementor-element-64ac860 jet-breadcrumbs-page-title-yes elementor-widget elementor-widget-jet-breadcrumbs\" data-id=\"64ac860\" data-element_type=\"widget\" data-widget_type=\"jet-breadcrumbs.default\">\n\t\t\t\t<div class=\"elementor-widget-container\">\n\t\t\t<div class=\"elementor-jet-breadcrumbs jet-blocks\">\n\t\t<div class=\"jet-breadcrumbs\">\n\t\t<div class=\"jet-breadcrumbs__content\">\n\t\t<div class=\"jet-breadcrumbs__wrap\"><div class=\"jet-breadcrumbs__item\"><a href=\"https:\/\/alambiquessantaefigenia.com.br\/en\/\" class=\"jet-breadcrumbs__item-link is-home\" rel=\"home\" title=\"Home\">Home<\/a><\/div>\n\t\t<\/div>\n\t\t<\/div>\n\t\t<\/div><\/div>\t\t<\/div>\n\t\t\t\t<\/div>\n\t\t\t\t\t<\/div>\n\t\t<\/div>\n\t\t\t\t\t<\/div>\n\t\t<\/section>\n\t\t\t\t<\/div>\n\t\t\t\t<\/div>\n\t\t\t\t<\/div>\n\t\t\t\t<\/div>\n\t\t\t\t\t<\/div>\n\t\t<\/div>\n\t\t\t\t\t<\/div>\n\t\t<\/section>\n\t\t\t\t<section class=\"elementor-section elementor-top-section elementor-element elementor-element-15452b3 elementor-section-boxed elementor-section-height-default elementor-section-height-default\" data-id=\"15452b3\" data-element_type=\"section\">\n\t\t\t\t\t\t<div class=\"elementor-container elementor-column-gap-default\">\n\t\t\t\t\t<div class=\"elementor-column elementor-col-100 elementor-top-column elementor-element elementor-element-b5dff84\" data-id=\"b5dff84\" data-element_type=\"column\">\n\t\t\t<div class=\"elementor-widget-wrap elementor-element-populated\">\n\t\t\t\t\t\t<div class=\"elementor-element elementor-element-88a5ace elementor-widget elementor-widget-text-editor\" data-id=\"88a5ace\" data-element_type=\"widget\" data-widget_type=\"text-editor.default\">\n\t\t\t\t<div class=\"elementor-widget-container\">\n\t\t\t<style>\/*! elementor - v3.23.0 - 05-08-2024 *\/\n.elementor-widget-text-editor.elementor-drop-cap-view-stacked .elementor-drop-cap{background-color:#69727d;color:#fff}.elementor-widget-text-editor.elementor-drop-cap-view-framed .elementor-drop-cap{color:#69727d;border:3px solid;background-color:transparent}.elementor-widget-text-editor:not(.elementor-drop-cap-view-default) .elementor-drop-cap{margin-top:8px}.elementor-widget-text-editor:not(.elementor-drop-cap-view-default) .elementor-drop-cap-letter{width:1em;height:1em}.elementor-widget-text-editor .elementor-drop-cap{float:left;text-align:center;line-height:1;font-size:50px}.elementor-widget-text-editor .elementor-drop-cap-letter{display:inline-block}<\/style>\t\t\t\t<p>Al\u00e9m da consultoria e produ\u00e7\u00e3o de equipamentos, tamb\u00e9m realizamos cursos para produ\u00e7\u00e3o de Gin, Cacha\u00e7a e outros.<\/p>\t\t\t\t\t\t<\/div>\n\t\t\t\t<\/div>\n\t\t\t\t<div class=\"elementor-element elementor-element-4176c0e elementor-widget elementor-widget-text-editor\" data-id=\"4176c0e\" data-element_type=\"widget\" data-widget_type=\"text-editor.default\">\n\t\t\t\t<div class=\"elementor-widget-container\">\n\t\t\t\t\t\t\t<p>Confira abaixo os nossos cursos dispon\u00edveis atualmente.<\/p>\t\t\t\t\t\t<\/div>\n\t\t\t\t<\/div>\n\t\t\t\t\t<\/div>\n\t\t<\/div>\n\t\t\t\t\t<\/div>\n\t\t<\/section>\n\t\t\t\t<section class=\"elementor-section elementor-top-section elementor-element elementor-element-e957f05 elementor-section-boxed elementor-section-height-default elementor-section-height-default\" data-id=\"e957f05\" data-element_type=\"section\">\n\t\t\t\t\t\t<div class=\"elementor-container elementor-column-gap-default\">\n\t\t\t\t\t<div class=\"elementor-column elementor-col-100 elementor-top-column elementor-element elementor-element-11d40b1\" data-id=\"11d40b1\" data-element_type=\"column\">\n\t\t\t<div class=\"elementor-widget-wrap elementor-element-populated\">\n\t\t\t\t\t\t<div class=\"elementor-element elementor-element-8975fee elementor-widget elementor-widget-jet-listing-grid\" data-id=\"8975fee\" data-element_type=\"widget\" data-settings=\"{&quot;columns&quot;:&quot;3&quot;,&quot;columns_tablet&quot;:&quot;2&quot;,&quot;columns_mobile&quot;:&quot;1&quot;}\" data-widget_type=\"jet-listing-grid.default\">\n\t\t\t\t<div class=\"elementor-widget-container\">\n\t\t\t<div class=\"jet-listing-grid jet-listing\"><div class=\"jet-listing-grid__items grid-col-desk-3 grid-col-tablet-2 grid-col-mobile-1 jet-listing-grid--1358\"  data-nav=\"{&quot;enabled&quot;:true,&quot;type&quot;:&quot;click&quot;,&quot;more_el&quot;:&quot;#loadMore&quot;,&quot;query&quot;:{&quot;order&quot;:[],&quot;args&quot;:[],&quot;offset&quot;:0},&quot;widget_settings&quot;:{&quot;lisitng_id&quot;:1358,&quot;posts_num&quot;:6,&quot;columns&quot;:3,&quot;columns_tablet&quot;:2,&quot;columns_mobile&quot;:1,&quot;is_archive_template&quot;:&quot;&quot;,&quot;post_status&quot;:[&quot;publish&quot;],&quot;use_random_posts_num&quot;:&quot;&quot;,&quot;max_posts_num&quot;:9,&quot;not_found_message&quot;:&quot;Nenhum item encontrado.&quot;,&quot;is_masonry&quot;:false,&quot;equal_columns_height&quot;:&quot;&quot;,&quot;use_load_more&quot;:&quot;yes&quot;,&quot;load_more_id&quot;:&quot;loadMore&quot;,&quot;load_more_type&quot;:&quot;click&quot;,&quot;use_custom_post_types&quot;:&quot;&quot;,&quot;custom_post_types&quot;:[],&quot;hide_widget_if&quot;:&quot;&quot;,&quot;carousel_enabled&quot;:&quot;&quot;,&quot;slides_to_scroll&quot;:&quot;1&quot;,&quot;arrows&quot;:&quot;true&quot;,&quot;arrow_icon&quot;:&quot;fa fa-angle-left&quot;,&quot;dots&quot;:&quot;&quot;,&quot;autoplay&quot;:&quot;true&quot;,&quot;autoplay_speed&quot;:5000,&quot;infinite&quot;:&quot;true&quot;,&quot;center_mode&quot;:&quot;&quot;,&quot;effect&quot;:&quot;slide&quot;,&quot;speed&quot;:500,&quot;inject_alternative_items&quot;:&quot;&quot;,&quot;injection_items&quot;:[],&quot;scroll_slider_enabled&quot;:&quot;&quot;,&quot;scroll_slider_on&quot;:[&quot;desktop&quot;,&quot;tablet&quot;,&quot;mobile&quot;],&quot;custom_query&quot;:false,&quot;custom_query_id&quot;:&quot;&quot;,&quot;_element_id&quot;:&quot;&quot;}}\" data-page=\"1\" data-pages=\"1\" data-listing-source=\"custom_content_type\"><style>.elementor-1358 .elementor-element.elementor-element-1882e4b > .elementor-container{max-width:350px;}.elementor-1358 .elementor-element.elementor-element-3ffc56b.elementor-column > .elementor-widget-wrap{justify-content:space-around;}.elementor-1358 .elementor-element.elementor-element-3ffc56b:not(.elementor-motion-effects-element-type-background) > .elementor-widget-wrap, .elementor-1358 .elementor-element.elementor-element-3ffc56b > .elementor-widget-wrap > .elementor-motion-effects-container > .elementor-motion-effects-layer{background-color:#FFFFFF2B;}.elementor-1358 .elementor-element.elementor-element-3ffc56b > .elementor-element-populated >  .elementor-background-overlay{filter:brightness( 100% ) contrast( 100% ) saturate( 100% ) blur( 3.6px ) hue-rotate( 0deg );}.elementor-1358 .elementor-element.elementor-element-3ffc56b > .elementor-element-populated{box-shadow:0px 0px 10px 0px rgba(0, 0, 0, 0.1);transition:background 0.3s, border 0.3s, border-radius 0.3s, box-shadow 0.3s;padding:20px 20px 20px 20px;}.elementor-1358 .elementor-element.elementor-element-3ffc56b > .elementor-element-populated > .elementor-background-overlay{transition:background 0.3s, border-radius 0.3s, opacity 0.3s;}.elementor-1358 .elementor-element.elementor-element-33089cd .jet-listing-dynamic-field__content{color:#F29700;font-size:23px;font-weight:600;text-align:center;}.elementor-1358 .elementor-element.elementor-element-33089cd .jet-listing-dynamic-field .jet-listing-dynamic-field__inline-wrap{width:auto;}.elementor-1358 .elementor-element.elementor-element-33089cd .jet-listing-dynamic-field .jet-listing-dynamic-field__content{width:auto;}.elementor-1358 .elementor-element.elementor-element-33089cd .jet-listing-dynamic-field{justify-content:center;}.elementor-1358 .elementor-element.elementor-element-33089cd{width:auto;max-width:auto;}.elementor-1358 .elementor-element.elementor-element-51c75f0 .jet-listing-dynamic-field__content{color:#F29700;font-size:23px;font-weight:600;text-align:center;}.elementor-1358 .elementor-element.elementor-element-51c75f0 .jet-listing-dynamic-field .jet-listing-dynamic-field__inline-wrap{width:auto;}.elementor-1358 .elementor-element.elementor-element-51c75f0 .jet-listing-dynamic-field .jet-listing-dynamic-field__content{width:auto;}.elementor-1358 .elementor-element.elementor-element-51c75f0 .jet-listing-dynamic-field{justify-content:center;}.elementor-1358 .elementor-element.elementor-element-51c75f0{width:auto;max-width:auto;}.elementor-1358 .elementor-element.elementor-element-78d8c87 .elementor-button{font-family:var( --e-global-typography-text-font-family ), Sans-serif;font-weight:var( --e-global-typography-text-font-weight );fill:var( --e-global-color-primary );color:var( --e-global-color-primary );border-style:solid;border-width:1px 1px 1px 1px;border-color:var( --e-global-color-accent );}.elementor-1358 .elementor-element.elementor-element-78d8c87 .elementor-button:hover, .elementor-1358 .elementor-element.elementor-element-78d8c87 .elementor-button:focus{color:var( --e-global-color-accent );background-color:var( --e-global-color-primary );border-color:var( --e-global-color-accent );}.elementor-1358 .elementor-element.elementor-element-78d8c87 .elementor-button:hover svg, .elementor-1358 .elementor-element.elementor-element-78d8c87 .elementor-button:focus svg{fill:var( --e-global-color-accent );}.elementor-1358 .elementor-element.elementor-element-78d8c87 > .elementor-widget-container{margin:10px 0px 0px 0px;}\/* Start custom CSS for button, class: .elementor-element-78d8c87 *\/#loadMore:hover {\n    cursor: pointer;\n}\/* End custom CSS *\/\n\/* Start custom CSS for column, class: .elementor-element-3ffc56b *\/#blur {\n    backdrop-filter: blur(6px);\n}\/* End custom CSS *\/<\/style><div class=\"jet-listing-grid__item jet-listing-dynamic-post-24\" data-post-id=\"24\" >\t\t<div data-elementor-type=\"jet-listing-items\" data-elementor-id=\"1358\" class=\"elementor elementor-1358\" data-elementor-post-type=\"jet-engine\">\n\t\t\t\t\t\t<section class=\"elementor-section elementor-top-section elementor-element elementor-element-1882e4b elementor-section-boxed elementor-section-height-default elementor-section-height-default\" data-id=\"1882e4b\" data-element_type=\"section\">\n\t\t\t\t\t\t<div class=\"elementor-container elementor-column-gap-default\">\n\t\t\t\t\t<div class=\"elementor-column elementor-col-100 elementor-top-column elementor-element elementor-element-3ffc56b\" data-id=\"3ffc56b\" data-element_type=\"column\" id=\"blur\" data-settings=\"{&quot;background_background&quot;:&quot;classic&quot;}\">\n\t\t\t<div class=\"elementor-widget-wrap elementor-element-populated\">\n\t\t\t\t\t\t<div class=\"elementor-element elementor-element-6288cb0 elementor-widget elementor-widget-image\" data-id=\"6288cb0\" data-element_type=\"widget\" data-widget_type=\"image.default\">\n\t\t\t\t<div class=\"elementor-widget-container\">\n\t\t\t<style>\/*! elementor - v3.23.0 - 05-08-2024 *\/\n.elementor-widget-image{text-align:center}.elementor-widget-image a{display:inline-block}.elementor-widget-image a img[src$=\".svg\"]{width:48px}.elementor-widget-image img{vertical-align:middle;display:inline-block}<\/style>\t\t\t\t\t\t\t\t\t\t<img fetchpriority=\"high\" decoding=\"async\" width=\"768\" height=\"960\" src=\"https:\/\/alambiquessantaefigenia.com.br\/wp-content\/uploads\/2025\/08\/07-08_workshop-768x960.jpg\" class=\"attachment-medium_large size-medium_large wp-image-4470\" alt=\"\" srcset=\"https:\/\/alambiquessantaefigenia.com.br\/wp-content\/uploads\/2025\/08\/07-08_workshop-768x960.jpg 768w, https:\/\/alambiquessantaefigenia.com.br\/wp-content\/uploads\/2025\/08\/07-08_workshop-240x300.jpg 240w, https:\/\/alambiquessantaefigenia.com.br\/wp-content\/uploads\/2025\/08\/07-08_workshop-819x1024.jpg 819w, https:\/\/alambiquessantaefigenia.com.br\/wp-content\/uploads\/2025\/08\/07-08_workshop-10x12.jpg 10w, https:\/\/alambiquessantaefigenia.com.br\/wp-content\/uploads\/2025\/08\/07-08_workshop.jpg 1080w\" sizes=\"(max-width: 768px) 100vw, 768px\" \/>\t\t\t\t\t\t\t\t\t\t\t\t\t<\/div>\n\t\t\t\t<\/div>\n\t\t\t\t<div class=\"elementor-element elementor-element-33089cd elementor-widget__width-auto elementor-widget elementor-widget-jet-listing-dynamic-field\" data-id=\"33089cd\" data-element_type=\"widget\" data-widget_type=\"jet-listing-dynamic-field.default\">\n\t\t\t\t<div class=\"elementor-widget-container\">\n\t\t\t<div class=\"jet-listing jet-listing-dynamic-field display-inline\"><div class=\"jet-listing-dynamic-field__inline-wrap\"><div class=\"jet-listing-dynamic-field__content\"><\/div><\/div><\/div>\t\t<\/div>\n\t\t\t\t<\/div>\n\t\t\t\t<div class=\"elementor-element elementor-element-51c75f0 elementor-widget__width-auto elementor-widget elementor-widget-jet-listing-dynamic-field\" data-id=\"51c75f0\" data-element_type=\"widget\" data-widget_type=\"jet-listing-dynamic-field.default\">\n\t\t\t\t<div class=\"elementor-widget-container\">\n\t\t\t<div class=\"jet-listing jet-listing-dynamic-field display-inline\"><div class=\"jet-listing-dynamic-field__inline-wrap\"><div class=\"jet-listing-dynamic-field__content\"><\/div><\/div><\/div>\t\t<\/div>\n\t\t\t\t<\/div>\n\t\t\t\t<div class=\"elementor-element elementor-element-78d8c87 elementor-align-center elementor-widget elementor-widget-button\" data-id=\"78d8c87\" data-element_type=\"widget\" data-widget_type=\"button.default\">\n\t\t\t\t<div class=\"elementor-widget-container\">\n\t\t\t\t\t<div class=\"elementor-button-wrapper\">\n\t\t\t<a class=\"elementor-button elementor-button-link elementor-size-md\" href=\"https:\/\/wa.me\/5531997581284?text=Ol%C3%A1.%20Estou%20no%20site%20e%20gostaria%20de%20saber%20mais%20sobre%20o%20Workshop%20e%20Network%20da%20Cacha%C3%A7a.\" target=\"_blank\">\n\t\t\t\t\t\t<span class=\"elementor-button-content-wrapper\">\n\t\t\t\t\t\t\t\t\t<span class=\"elementor-button-text\">See material<\/span>\n\t\t\t\t\t<\/span>\n\t\t\t\t\t<\/a>\n\t\t<\/div>\n\t\t\t\t<\/div>\n\t\t\t\t<\/div>\n\t\t\t\t\t<\/div>\n\t\t<\/div>\n\t\t\t\t\t<\/div>\n\t\t<\/section>\n\t\t\t\t<\/div>\n\t\t<\/div><\/div><\/div>\t\t<\/div>\n\t\t\t\t<\/div>\n\t\t\t\t<div class=\"elementor-element elementor-element-e811e68 elementor-align-center elementor-widget elementor-widget-button\" data-id=\"e811e68\" data-element_type=\"widget\" data-widget_type=\"button.default\">\n\t\t\t\t<div class=\"elementor-widget-container\">\n\t\t\t\t\t<div class=\"elementor-button-wrapper\">\n\t\t\t<a class=\"elementor-button elementor-size-md\" role=\"button\" id=\"loadMore\">\n\t\t\t\t\t\t<span class=\"elementor-button-content-wrapper\">\n\t\t\t\t\t\t\t\t\t<span class=\"elementor-button-text\">Load more<\/span>\n\t\t\t\t\t<\/span>\n\t\t\t\t\t<\/a>\n\t\t<\/div>\n\t\t\t\t<\/div>\n\t\t\t\t<\/div>\n\t\t\t\t\t<\/div>\n\t\t<\/div>\n\t\t\t\t\t<\/div>\n\t\t<\/section>\n\t\t\t\t<section class=\"elementor-section elementor-top-section elementor-element elementor-element-0a42b64 elementor-section-full_width elementor-section-height-default elementor-section-height-default\" data-id=\"0a42b64\" data-element_type=\"section\">\n\t\t\t\t\t\t<div class=\"elementor-container elementor-column-gap-default\">\n\t\t\t\t\t<div class=\"elementor-column elementor-col-100 elementor-top-column elementor-element elementor-element-fa97efe\" data-id=\"fa97efe\" data-element_type=\"column\">\n\t\t\t<div class=\"elementor-widget-wrap elementor-element-populated\">\n\t\t\t\t\t\t<div class=\"elementor-element elementor-element-3366365 elementor-widget elementor-widget-template\" data-id=\"3366365\" data-element_type=\"widget\" data-widget_type=\"template.default\">\n\t\t\t\t<div class=\"elementor-widget-container\">\n\t\t\t\t\t<div class=\"elementor-template\">\n\t\t\t\t\t<div data-elementor-type=\"section\" data-elementor-id=\"2113\" class=\"elementor elementor-2113\" data-elementor-post-type=\"elementor_library\">\n\t\t\t\t\t<section class=\"elementor-section elementor-top-section elementor-element elementor-element-154726f elementor-section-boxed elementor-section-height-default elementor-section-height-default\" data-id=\"154726f\" data-element_type=\"section\" data-settings=\"{&quot;background_background&quot;:&quot;classic&quot;}\">\n\t\t\t\t\t\t\t<div class=\"elementor-background-overlay\"><\/div>\n\t\t\t\t\t\t\t<div class=\"elementor-container elementor-column-gap-default\">\n\t\t\t\t\t<div class=\"elementor-column elementor-col-100 elementor-top-column elementor-element elementor-element-69df64b\" data-id=\"69df64b\" data-element_type=\"column\">\n\t\t\t<div class=\"elementor-widget-wrap elementor-element-populated\">\n\t\t\t\t\t\t<div class=\"elementor-element elementor-element-5d1c804 elementor-widget elementor-widget-heading\" data-id=\"5d1c804\" data-element_type=\"widget\" data-widget_type=\"heading.default\">\n\t\t\t\t<div class=\"elementor-widget-container\">\n\t\t\t<style>\/*! elementor - v3.23.0 - 05-08-2024 *\/\n.elementor-heading-title{padding:0;margin:0;line-height:1}.elementor-widget-heading .elementor-heading-title[class*=elementor-size-]>a{color:inherit;font-size:inherit;line-height:inherit}.elementor-widget-heading .elementor-heading-title.elementor-size-small{font-size:15px}.elementor-widget-heading .elementor-heading-title.elementor-size-medium{font-size:19px}.elementor-widget-heading .elementor-heading-title.elementor-size-large{font-size:29px}.elementor-widget-heading .elementor-heading-title.elementor-size-xl{font-size:39px}.elementor-widget-heading .elementor-heading-title.elementor-size-xxl{font-size:59px}<\/style><h2 class=\"elementor-heading-title elementor-size-default\">Did you know?<\/h2>\t\t<\/div>\n\t\t\t\t<\/div>\n\t\t\t\t<div class=\"elementor-element elementor-element-63b538a elementor-widget__width-initial elementor-widget elementor-widget-text-editor\" data-id=\"63b538a\" data-element_type=\"widget\" data-widget_type=\"text-editor.default\">\n\t\t\t\t<div class=\"elementor-widget-container\">\n\t\t\t\t\t\t\t<h5><strong>About 90% of the best-known and most awarded Brazilian artisan distillates in Brazil and abroad are produced with Santa Efig\u00eania\u00ae equipment.<\/strong><\/h5><p>Estamos em franco processo de internacionaliza\u00e7\u00e3o, tendo j\u00e1 exportado para diversos pa\u00edses em quase todos os continentes. Nossos equipamentos s\u00e3o produzidos com tecnologia exclusiva que, al\u00e9m de qualidade do produto final, oferece <strong>rendimento at\u00e9 10% superior<\/strong> em rela\u00e7\u00e3o aos demais encontrados no mercado.\u00a0<\/p>\t\t\t\t\t\t<\/div>\n\t\t\t\t<\/div>\n\t\t\t\t\t<\/div>\n\t\t<\/div>\n\t\t\t\t\t<\/div>\n\t\t<\/section>\n\t\t\t\t<\/div>\n\t\t\t\t<\/div>\n\t\t\t\t<\/div>\n\t\t\t\t<\/div>\n\t\t\t\t\t<\/div>\n\t\t<\/div>\n\t\t\t\t\t<\/div>\n\t\t<\/section>\n\t\t\t\t<\/div>","protected":false},"excerpt":{"rendered":"<p>Al\u00e9m da consultoria e produ\u00e7\u00e3o de equipamentos, tamb\u00e9m realizamos cursos para produ\u00e7\u00e3o de Gin, Cacha\u00e7a e outros. Confira abaixo os nossos cursos dispon\u00edveis atualmente. Come\u00e7a dia Termina dia Ver curso Carregar mais<\/p>","protected":false},"author":7,"featured_media":0,"parent":0,"menu_order":0,"comment_status":"closed","ping_status":"closed","template":"","meta":[],"_links":{"self":[{"href":"https:\/\/alambiquessantaefigenia.com.br\/en\/wp-json\/wp\/v2\/pages\/3155"}],"collection":[{"href":"https:\/\/alambiquessantaefigenia.com.br\/en\/wp-json\/wp\/v2\/pages"}],"about":[{"href":"https:\/\/alambiquessantaefigenia.com.br\/en\/wp-json\/wp\/v2\/types\/page"}],"author":[{"embeddable":true,"href":"https:\/\/alambiquessantaefigenia.com.br\/en\/wp-json\/wp\/v2\/users\/7"}],"replies":[{"embeddable":true,"href":"https:\/\/alambiquessantaefigenia.com.br\/en\/wp-json\/wp\/v2\/comments?post=3155"}],"version-history":[{"count":16,"href":"https:\/\/alambiquessantaefigenia.com.br\/en\/wp-json\/wp\/v2\/pages\/3155\/revisions"}],"predecessor-version":[{"id":3175,"href":"https:\/\/alambiquessantaefigenia.com.br\/en\/wp-json\/wp\/v2\/pages\/3155\/revisions\/3175"}],"wp:attachment":[{"href":"https:\/\/alambiquessantaefigenia.com.br\/en\/wp-json\/wp\/v2\/media?parent=3155"}],"curies":[{"name":"wp","href":"https:\/\/api.w.org\/{rel}","templated":true}]}}